{"id":152,"date":"2023-02-28T15:10:52","date_gmt":"2023-02-28T20:10:52","guid":{"rendered":"https:\/\/mrprimarycare.com\/?page_id=152"},"modified":"2024-04-04T17:10:46","modified_gmt":"2024-04-04T21:10:46","slug":"forms","status":"publish","type":"page","link":"https:\/\/mrprimarycare.com\/es\/forms\/","title":{"rendered":"Formularios"},"content":{"rendered":"<div class=\"wpb-content-wrapper\"><div class=\"vc_row wpb_row section vc_row-fluid \" style=' text-align:left;'><div class=\" full_section_inner clearfix\"><div class=\"wpb_column vc_column_container vc_col-sm-12\"><div class=\"vc_column-inner\"><div class=\"wpb_wrapper\">\n\t\t\t<!-- START Main REVOLUTION SLIDER 6.7.40 --><p class=\"rs-p-wp-fix\"><\/p>\n\t\t\t<rs-module-wrap id=\"rev_slider_1_1_wrapper\" data-source=\"gallery\" style=\"visibility:hidden;background:transparent;padding:0;margin:0px auto;margin-top:0;margin-bottom:0;background-image:url(https:\/\/mrprimarycare.com\/wp-content\/uploads\/2023\/02\/Miles-River-Primary-Care-1.png);background-repeat:no-repeat;background-size:cover;background-position:center center;\">\n\t\t\t\t<rs-module id=\"rev_slider_1_1\" style=\"\" data-version=\"6.7.40\">\n\t\t\t\t\t<rs-slides style=\"overflow: hidden; position: absolute;\">\n\t\t\t\t\t\t<rs-slide style=\"position: absolute;\" data-key=\"rs-1\" data-title=\"Slide\" data-in=\"o:0;\" data-out=\"a:false;\">\n\t\t\t\t\t\t\t<img decoding=\"async\" src=\"\/\/mrprimarycare.com\/wp-content\/plugins\/revslider\/sr6\/assets\/assets\/dummy.png\" alt=\"Slide\" title=\"Forms\" class=\"rev-slidebg tp-rs-img rs-lazyload\" data-lazyload=\"\/\/mrprimarycare.com\/wp-content\/plugins\/revslider\/sr6\/assets\/assets\/transparent.png\" data-no-retina>\n<!---->\t\t\t\t\t<\/rs-slide>\n\t\t\t\t\t<\/rs-slides>\n\t\t\t\t<\/rs-module>\n\t\t\t\t<script>\n\t\t\t\t\tsetREVStartSize({c: 'rev_slider_1_1',rl:[1240,1024,778,480],el:[500],gw:[1200],gh:[500],type:'hero',justify:'',layout:'fullwidth',mh:\"0\"});if (window.RS_MODULES!==undefined && window.RS_MODULES.modules!==undefined && window.RS_MODULES.modules[\"revslider11\"]!==undefined) {window.RS_MODULES.modules[\"revslider11\"].once = false;window.revapi1 = undefined;if (window.RS_MODULES.checkMinimal!==undefined) window.RS_MODULES.checkMinimal()}\n\t\t\t\t<\/script>\n\t\t\t<\/rs-module-wrap>\n\t\t\t<!-- END REVOLUTION SLIDER -->\n<\/div><\/div><\/div><\/div><\/div><div     class=\"vc_row wpb_row section vc_row-fluid \" style=' text-align:left;'><div class=\" full_section_inner clearfix\"><div class=\"wpb_column vc_column_container vc_col-sm-12\"><div class=\"vc_column-inner\"><div class=\"wpb_wrapper\"><div class=\"vc_empty_space\"   style=\"height: 30px\"><span class=\"vc_empty_space_inner\"><\/span><\/div><\/div><\/div><\/div><\/div><\/div><div     class=\"vc_row wpb_row section vc_row-fluid \" style=' text-align:left;'><div class=\" full_section_inner clearfix\"><div class=\"wpb_column vc_column_container vc_col-sm-12\"><div class=\"vc_column-inner\"><div class=\"wpb_wrapper\">\n\t<div class=\"wpb_text_column wpb_content_element \">\n\t\t<div class=\"wpb_wrapper\">\n\t\t\t<h2 style=\"text-align: center;\">Forms<\/h2>\n\n\t\t<\/div>\n\t<\/div><div class=\"vc_empty_space\"   style=\"height: 30px\"><span class=\"vc_empty_space_inner\"><\/span><\/div><\/div><\/div><\/div><\/div><\/div><div     class=\"vc_row wpb_row section vc_row-fluid \" style=' text-align:left;'><div class=\" full_section_inner clearfix\"><div class=\"wpb_column vc_column_container vc_col-sm-12\"><div class=\"vc_column-inner\"><div class=\"wpb_wrapper\">\n\t<div class=\"wpb_text_column wpb_content_element \">\n\t\t<div class=\"wpb_wrapper\">\n\t\t\t<h3>New Patients:<\/h3>\n\n\t\t<\/div>\n\t<\/div><\/div><\/div><\/div><\/div><\/div><div     class=\"vc_row wpb_row section vc_row-fluid \" style=' text-align:left;'><div class=\" full_section_inner clearfix\"><div class=\"wpb_column vc_column_container vc_col-sm-8\"><div class=\"vc_column-inner\"><div class=\"wpb_wrapper\"><div class=\"vc_empty_space\"   style=\"height: 10px\"><span class=\"vc_empty_space_inner\"><\/span><\/div>\n\t<div class=\"wpb_text_column wpb_content_element \">\n\t\t<div class=\"wpb_wrapper\">\n\t\t\t<p>Please fill out our new patient packet, and return it via mail, fax or bring it in!<\/p>\n\n\t\t<\/div>\n\t<\/div><\/div><\/div><\/div><div class=\"wpb_column vc_column_container vc_col-sm-4\"><div class=\"vc_column-inner\"><div class=\"wpb_wrapper\"><div class=\"vc_empty_space\"   style=\"height: 10px\"><span class=\"vc_empty_space_inner\"><\/span><\/div><div     class=\"vc_row wpb_row vc_inner section vc_row-fluid\" style=' text-align:center;'><div class=\" full_section_inner clearfix\"><div class=\"wpb_column vc_column_container vc_col-sm-12\"><div class=\"vc_column-inner\"><div class=\"wpb_wrapper\"><a href=\"https:\/\/mrprimarycare.com\/wp-content\/uploads\/2024\/04\/new-pt-packet-04-24.pdf\" target=\"_self\" data-hover-background-color='#ffffff' data-hover-border-color='#586a98' data-hover-color='#b4d3b2' class=\"qbutton \" style=\"color: #586a98; border-color: #b4d3b2; font-size: 18px; border-radius: 7px;-moz-border-radius: 7px;-webkit-border-radius: 7px; background-color: #ffffff;\">Download Here<\/a><\/div><\/div><\/div><\/div><\/div><\/div><\/div><\/div><\/div><\/div><div     class=\"vc_row wpb_row section vc_row-fluid  grid_section\" style=' text-align:left;'><div class=\" section_inner clearfix\"><div class='section_inner_margin clearfix'><div class=\"wpb_column vc_column_container vc_col-sm-12\"><div class=\"vc_column-inner\"><div class=\"wpb_wrapper\"><div class=\"vc_empty_space\"   style=\"height: 30px\"><span class=\"vc_empty_space_inner\"><\/span><\/div><div class=\"separator  small center  \" style=\"border-color: #b4d3b2;border-width:3px;width:400px\"><\/div><div class=\"vc_empty_space\"   style=\"height: 30px\"><span class=\"vc_empty_space_inner\"><\/span><\/div><\/div><\/div><\/div><\/div><\/div><\/div><div     class=\"vc_row wpb_row section vc_row-fluid \" style=' text-align:left;'><div class=\" full_section_inner clearfix\"><div class=\"wpb_column vc_column_container vc_col-sm-12\"><div class=\"vc_column-inner\"><div class=\"wpb_wrapper\">\n\t<div class=\"wpb_text_column wpb_content_element \">\n\t\t<div class=\"wpb_wrapper\">\n\t\t\t<h3>Botox Forms:<\/h3>\n\n\t\t<\/div>\n\t<\/div><\/div><\/div><\/div><\/div><\/div><div     class=\"vc_row wpb_row section vc_row-fluid \" style=' text-align:left;'><div class=\" full_section_inner clearfix\"><div class=\"wpb_column vc_column_container vc_col-sm-8\"><div class=\"vc_column-inner\"><div class=\"wpb_wrapper\"><div class=\"vc_empty_space\"   style=\"height: 10px\"><span class=\"vc_empty_space_inner\"><\/span><\/div>\n\t<div class=\"wpb_text_column wpb_content_element \">\n\t\t<div class=\"wpb_wrapper\">\n\t\t\t<p>Please view our Botox Instruction Sheet and fill out both the Consent Form and Botox Medical History form and bring them with you to your appointment.<\/p>\n\n\t\t<\/div>\n\t<\/div><\/div><\/div><\/div><div class=\"wpb_column vc_column_container vc_col-sm-4\"><div class=\"vc_column-inner\"><div class=\"wpb_wrapper\"><div class=\"vc_empty_space\"   style=\"height: 10px\"><span class=\"vc_empty_space_inner\"><\/span><\/div><div     class=\"vc_row wpb_row vc_inner section vc_row-fluid\" style=' text-align:center;'><div class=\" full_section_inner clearfix\"><div class=\"wpb_column vc_column_container vc_col-sm-12\"><div class=\"vc_column-inner\"><div class=\"wpb_wrapper\"><a href=\"https:\/\/mrprimarycare.com\/wp-content\/uploads\/2023\/02\/botox-instructions-2023-02-28.pdf\" target=\"_self\" data-hover-background-color='#ffffff' data-hover-border-color='#586a98' data-hover-color='#b4d3b2' class=\"qbutton \" style=\"color: #586a98; border-color: #b4d3b2; font-size: 18px; border-radius: 7px;-moz-border-radius: 7px;-webkit-border-radius: 7px; background-color: #ffffff;\">Instruction Sheet<\/a><\/div><\/div><\/div><\/div><\/div><div class=\"vc_empty_space\"   style=\"height: 10px\"><span class=\"vc_empty_space_inner\"><\/span><\/div><div     class=\"vc_row wpb_row vc_inner section vc_row-fluid\" style=' text-align:center;'><div class=\" full_section_inner clearfix\"><div class=\"wpb_column vc_column_container vc_col-sm-12\"><div class=\"vc_column-inner\"><div class=\"wpb_wrapper\"><a href=\"https:\/\/mrprimarycare.com\/wp-content\/uploads\/2023\/02\/consent-2023-02-28.pdf\" target=\"_self\" data-hover-background-color='#ffffff' data-hover-border-color='#586a98' data-hover-color='#b4d3b2' class=\"qbutton \" style=\"color: #586a98; border-color: #b4d3b2; font-size: 18px; border-radius: 7px;-moz-border-radius: 7px;-webkit-border-radius: 7px; background-color: #ffffff;\">Consent Form<\/a><div class=\"vc_empty_space\"   style=\"height: 10px\"><span class=\"vc_empty_space_inner\"><\/span><\/div><\/div><\/div><\/div><\/div><\/div><div     class=\"vc_row wpb_row vc_inner section vc_row-fluid\" style=' text-align:center;'><div class=\" full_section_inner clearfix\"><div class=\"wpb_column vc_column_container vc_col-sm-12\"><div class=\"vc_column-inner\"><div class=\"wpb_wrapper\"><a href=\"https:\/\/mrprimarycare.com\/wp-content\/uploads\/2023\/02\/botox-history-2023-02-28.pdf\" target=\"_self\" data-hover-background-color='#ffffff' data-hover-border-color='#586a98' data-hover-color='#b4d3b2' class=\"qbutton \" style=\"color: #586a98; border-color: #b4d3b2; font-size: 18px; border-radius: 7px;-moz-border-radius: 7px;-webkit-border-radius: 7px; background-color: #ffffff;\">Botox Medical History<\/a><div class=\"vc_empty_space\"   style=\"height: 10px\"><span class=\"vc_empty_space_inner\"><\/span><\/div><\/div><\/div><\/div><\/div><\/div><\/div><\/div><\/div><\/div><\/div><div     class=\"vc_row wpb_row section vc_row-fluid \" style=' text-align:left;'><div class=\" full_section_inner clearfix\"><div class=\"wpb_column vc_column_container vc_col-sm-12\"><div class=\"vc_column-inner\"><div class=\"wpb_wrapper\"><div class=\"vc_empty_space\"   style=\"height: 30px\"><span class=\"vc_empty_space_inner\"><\/span><\/div><\/div><\/div><\/div><\/div><\/div>\n<\/div>","protected":false},"excerpt":{"rendered":"Formularios para pacientes nuevos: Complete nuestro paquete para pacientes nuevos y env\u00edelo por correo, fax o tr\u00e1igalo. Desc\u00e1rguelo aqu\u00ed. Formularios de Botox: Consulte nuestra Hoja de Instrucciones de Botox, complete el Formulario de Consentimiento y el Formulario de Historial M\u00e9dico de Botox y tr\u00e1igalos.","protected":false},"author":2,"featured_media":0,"parent":0,"menu_order":0,"comment_status":"closed","ping_status":"closed","template":"","meta":{"footnotes":""},"class_list":["post-152","page","type-page","status-publish","hentry"],"yoast_head":"<!-- This site is optimized with the Yoast SEO plugin v27.3 - https:\/\/yoast.com\/product\/yoast-seo-wordpress\/ -->\n<title>Forms &#8226; Miles River Primary Care<\/title>\n<meta name=\"robots\" content=\"index, follow, max-snippet:-1, max-image-preview:large, max-video-preview:-1\" \/>\n<link rel=\"canonical\" href=\"https:\/\/mrprimarycare.com\/es\/forms\/\" \/>\n<meta property=\"og:locale\" content=\"es_ES\" \/>\n<meta property=\"og:type\" content=\"article\" \/>\n<meta property=\"og:title\" content=\"Forms &#8226; Miles River Primary Care\" \/>\n<meta property=\"og:url\" content=\"https:\/\/mrprimarycare.com\/es\/forms\/\" \/>\n<meta property=\"og:site_name\" content=\"Miles River Primary Care\" \/>\n<meta property=\"article:publisher\" content=\"https:\/\/www.facebook.com\/MRDocsEaston\" \/>\n<meta property=\"article:modified_time\" content=\"2024-04-04T21:10:46+00:00\" \/>\n<meta name=\"twitter:card\" content=\"summary_large_image\" \/>\n<meta name=\"twitter:label1\" content=\"Tiempo de lectura\" \/>\n\t<meta name=\"twitter:data1\" content=\"1 minuto\" \/>\n<script type=\"application\/ld+json\" class=\"yoast-schema-graph\">{\"@context\":\"https:\\\/\\\/schema.org\",\"@graph\":[{\"@type\":\"WebPage\",\"@id\":\"https:\\\/\\\/mrprimarycare.com\\\/forms\\\/\",\"url\":\"https:\\\/\\\/mrprimarycare.com\\\/forms\\\/\",\"name\":\"Forms &#8226; Miles River Primary Care\",\"isPartOf\":{\"@id\":\"https:\\\/\\\/mrprimarycare.com\\\/#website\"},\"datePublished\":\"2023-02-28T20:10:52+00:00\",\"dateModified\":\"2024-04-04T21:10:46+00:00\",\"breadcrumb\":{\"@id\":\"https:\\\/\\\/mrprimarycare.com\\\/forms\\\/#breadcrumb\"},\"inLanguage\":\"es\",\"potentialAction\":[{\"@type\":\"ReadAction\",\"target\":[\"https:\\\/\\\/mrprimarycare.com\\\/forms\\\/\"]}]},{\"@type\":\"BreadcrumbList\",\"@id\":\"https:\\\/\\\/mrprimarycare.com\\\/forms\\\/#breadcrumb\",\"itemListElement\":[{\"@type\":\"ListItem\",\"position\":1,\"name\":\"Home\",\"item\":\"https:\\\/\\\/mrprimarycare.com\\\/\"},{\"@type\":\"ListItem\",\"position\":2,\"name\":\"Forms\"}]},{\"@type\":\"WebSite\",\"@id\":\"https:\\\/\\\/mrprimarycare.com\\\/#website\",\"url\":\"https:\\\/\\\/mrprimarycare.com\\\/\",\"name\":\"Miles River Primary Care\",\"description\":\"Miles River Primary Care\",\"publisher\":{\"@id\":\"https:\\\/\\\/mrprimarycare.com\\\/#organization\"},\"potentialAction\":[{\"@type\":\"SearchAction\",\"target\":{\"@type\":\"EntryPoint\",\"urlTemplate\":\"https:\\\/\\\/mrprimarycare.com\\\/?s={search_term_string}\"},\"query-input\":{\"@type\":\"PropertyValueSpecification\",\"valueRequired\":true,\"valueName\":\"search_term_string\"}}],\"inLanguage\":\"es\"},{\"@type\":\"Organization\",\"@id\":\"https:\\\/\\\/mrprimarycare.com\\\/#organization\",\"name\":\"Miles River Primary Care\",\"url\":\"https:\\\/\\\/mrprimarycare.com\\\/\",\"logo\":{\"@type\":\"ImageObject\",\"inLanguage\":\"es\",\"@id\":\"https:\\\/\\\/mrprimarycare.com\\\/#\\\/schema\\\/logo\\\/image\\\/\",\"url\":\"https:\\\/\\\/mrprimarycare.com\\\/wp-content\\\/uploads\\\/2023\\\/02\\\/Miles-River-Primary-Care.png\",\"contentUrl\":\"https:\\\/\\\/mrprimarycare.com\\\/wp-content\\\/uploads\\\/2023\\\/02\\\/Miles-River-Primary-Care.png\",\"width\":425,\"height\":239,\"caption\":\"Miles River Primary Care\"},\"image\":{\"@id\":\"https:\\\/\\\/mrprimarycare.com\\\/#\\\/schema\\\/logo\\\/image\\\/\"},\"sameAs\":[\"https:\\\/\\\/www.facebook.com\\\/MRDocsEaston\"]}]}<\/script>\n<!-- \/ Yoast SEO plugin. -->","yoast_head_json":{"title":"Forms &#8226; Miles River Primary Care","robots":{"index":"index","follow":"follow","max-snippet":"max-snippet:-1","max-image-preview":"max-image-preview:large","max-video-preview":"max-video-preview:-1"},"canonical":"https:\/\/mrprimarycare.com\/es\/forms\/","og_locale":"es_ES","og_type":"article","og_title":"Forms &#8226; Miles River Primary Care","og_url":"https:\/\/mrprimarycare.com\/es\/forms\/","og_site_name":"Miles River Primary Care","article_publisher":"https:\/\/www.facebook.com\/MRDocsEaston","article_modified_time":"2024-04-04T21:10:46+00:00","twitter_card":"summary_large_image","twitter_misc":{"Tiempo de lectura":"1 minuto"},"schema":{"@context":"https:\/\/schema.org","@graph":[{"@type":"WebPage","@id":"https:\/\/mrprimarycare.com\/forms\/","url":"https:\/\/mrprimarycare.com\/forms\/","name":"Forms &#8226; Miles River Primary Care","isPartOf":{"@id":"https:\/\/mrprimarycare.com\/#website"},"datePublished":"2023-02-28T20:10:52+00:00","dateModified":"2024-04-04T21:10:46+00:00","breadcrumb":{"@id":"https:\/\/mrprimarycare.com\/forms\/#breadcrumb"},"inLanguage":"es","potentialAction":[{"@type":"ReadAction","target":["https:\/\/mrprimarycare.com\/forms\/"]}]},{"@type":"BreadcrumbList","@id":"https:\/\/mrprimarycare.com\/forms\/#breadcrumb","itemListElement":[{"@type":"ListItem","position":1,"name":"Home","item":"https:\/\/mrprimarycare.com\/"},{"@type":"ListItem","position":2,"name":"Forms"}]},{"@type":"WebSite","@id":"https:\/\/mrprimarycare.com\/#website","url":"https:\/\/mrprimarycare.com\/","name":"Atenci\u00f3n primaria del r\u00edo Miles","description":"Atenci\u00f3n primaria del r\u00edo Miles","publisher":{"@id":"https:\/\/mrprimarycare.com\/#organization"},"potentialAction":[{"@type":"SearchAction","target":{"@type":"EntryPoint","urlTemplate":"https:\/\/mrprimarycare.com\/?s={search_term_string}"},"query-input":{"@type":"PropertyValueSpecification","valueRequired":true,"valueName":"search_term_string"}}],"inLanguage":"es"},{"@type":"Organization","@id":"https:\/\/mrprimarycare.com\/#organization","name":"Atenci\u00f3n primaria del r\u00edo Miles","url":"https:\/\/mrprimarycare.com\/","logo":{"@type":"ImageObject","inLanguage":"es","@id":"https:\/\/mrprimarycare.com\/#\/schema\/logo\/image\/","url":"https:\/\/mrprimarycare.com\/wp-content\/uploads\/2023\/02\/Miles-River-Primary-Care.png","contentUrl":"https:\/\/mrprimarycare.com\/wp-content\/uploads\/2023\/02\/Miles-River-Primary-Care.png","width":425,"height":239,"caption":"Miles River Primary Care"},"image":{"@id":"https:\/\/mrprimarycare.com\/#\/schema\/logo\/image\/"},"sameAs":["https:\/\/www.facebook.com\/MRDocsEaston"]}]}},"_links":{"self":[{"href":"https:\/\/mrprimarycare.com\/es\/wp-json\/wp\/v2\/pages\/152","targetHints":{"allow":["GET"]}}],"collection":[{"href":"https:\/\/mrprimarycare.com\/es\/wp-json\/wp\/v2\/pages"}],"about":[{"href":"https:\/\/mrprimarycare.com\/es\/wp-json\/wp\/v2\/types\/page"}],"author":[{"embeddable":true,"href":"https:\/\/mrprimarycare.com\/es\/wp-json\/wp\/v2\/users\/2"}],"replies":[{"embeddable":true,"href":"https:\/\/mrprimarycare.com\/es\/wp-json\/wp\/v2\/comments?post=152"}],"version-history":[{"count":14,"href":"https:\/\/mrprimarycare.com\/es\/wp-json\/wp\/v2\/pages\/152\/revisions"}],"predecessor-version":[{"id":241,"href":"https:\/\/mrprimarycare.com\/es\/wp-json\/wp\/v2\/pages\/152\/revisions\/241"}],"wp:attachment":[{"href":"https:\/\/mrprimarycare.com\/es\/wp-json\/wp\/v2\/media?parent=152"}],"curies":[{"name":"wp","href":"https:\/\/api.w.org\/{rel}","templated":true}]}}