{"id":20,"date":"2023-02-01T11:13:31","date_gmt":"2023-02-01T16:13:31","guid":{"rendered":"https:\/\/mrprimarycare.com\/?page_id=20"},"modified":"2024-04-04T15:38:54","modified_gmt":"2024-04-04T19:38:54","slug":"contact","status":"publish","type":"page","link":"https:\/\/mrprimarycare.com\/es\/contact\/","title":{"rendered":"Contacto"},"content":{"rendered":"<div class=\"wpb-content-wrapper\"><div class=\"vc_row wpb_row section vc_row-fluid \" style=' text-align:left;'><div class=\" full_section_inner clearfix\"><div class=\"wpb_column vc_column_container vc_col-sm-12\"><div class=\"vc_column-inner\"><div class=\"wpb_wrapper\">\n\t\t\t<!-- START Main REVOLUTION SLIDER 6.7.40 --><p class=\"rs-p-wp-fix\"><\/p>\n\t\t\t<rs-module-wrap id=\"rev_slider_1_1_wrapper\" data-source=\"gallery\" style=\"visibility:hidden;background:transparent;padding:0;margin:0px auto;margin-top:0;margin-bottom:0;background-image:url(https:\/\/mrprimarycare.com\/wp-content\/uploads\/2023\/02\/Miles-River-Primary-Care-1.png);background-repeat:no-repeat;background-size:cover;background-position:center center;\">\n\t\t\t\t<rs-module id=\"rev_slider_1_1\" style=\"\" data-version=\"6.7.40\">\n\t\t\t\t\t<rs-slides style=\"overflow: hidden; position: absolute;\">\n\t\t\t\t\t\t<rs-slide style=\"position: absolute;\" data-key=\"rs-1\" data-title=\"Slide\" data-in=\"o:0;\" data-out=\"a:false;\">\n\t\t\t\t\t\t\t<img decoding=\"async\" src=\"\/\/mrprimarycare.com\/wp-content\/plugins\/revslider\/sr6\/assets\/assets\/dummy.png\" alt=\"Slide\" title=\"Contact\" class=\"rev-slidebg tp-rs-img rs-lazyload\" data-lazyload=\"\/\/mrprimarycare.com\/wp-content\/plugins\/revslider\/sr6\/assets\/assets\/transparent.png\" data-no-retina>\n<!---->\t\t\t\t\t<\/rs-slide>\n\t\t\t\t\t<\/rs-slides>\n\t\t\t\t<\/rs-module>\n\t\t\t\t<script>\n\t\t\t\t\tsetREVStartSize({c: 'rev_slider_1_1',rl:[1240,1024,778,480],el:[500],gw:[1200],gh:[500],type:'hero',justify:'',layout:'fullwidth',mh:\"0\"});if (window.RS_MODULES!==undefined && window.RS_MODULES.modules!==undefined && window.RS_MODULES.modules[\"revslider11\"]!==undefined) {window.RS_MODULES.modules[\"revslider11\"].once = false;window.revapi1 = undefined;if (window.RS_MODULES.checkMinimal!==undefined) window.RS_MODULES.checkMinimal()}\n\t\t\t\t<\/script>\n\t\t\t<\/rs-module-wrap>\n\t\t\t<!-- END REVOLUTION SLIDER -->\n<\/div><\/div><\/div><\/div><\/div><div     class=\"vc_row wpb_row section vc_row-fluid  grid_section\" style='background-color:#586a98; padding-top:20px; padding-bottom:20px; text-align:center;'><div class=\" section_inner clearfix\"><div class='section_inner_margin clearfix'><div class=\"wpb_column vc_column_container vc_col-sm-12\"><div class=\"vc_column-inner\"><div class=\"wpb_wrapper\">\n\t<div class=\"wpb_text_column wpb_content_element \">\n\t\t<div class=\"wpb_wrapper\">\n\t\t\t<p style=\"text-align: center;\"><strong><span style=\"color: #ffffff; font-size: 18pt;\">We are Accepting New Patients<\/span><\/strong><\/p>\n\n\t\t<\/div>\n\t<\/div><div class=\"vc_empty_space\"   style=\"height: 30px\"><span class=\"vc_empty_space_inner\"><\/span><\/div><div     class=\"vc_row wpb_row vc_inner section vc_row-fluid\" style=' text-align:center;'><div class=\" full_section_inner clearfix\"><div class=\"wpb_column vc_column_container vc_col-sm-8\"><div class=\"vc_column-inner\"><div class=\"wpb_wrapper\">\n\t<div class=\"wpb_text_column wpb_content_element \">\n\t\t<div class=\"wpb_wrapper\">\n\t\t\t<p style=\"text-align: left;\"><span style=\"font-size: 18pt; color: #ffffff;\">Please fill out our new patient packet, and return it via mail, fax, email it to <a style=\"color: #ffffff;\" href=\"mailto:info@mrprimarycare.com\">info@mrprimarycare.com<\/a> or bring it in!<\/span><\/p>\n<p style=\"text-align: left;\"><span style=\"font-size: 9pt; color: #ffffff;\">*This email address is not monitored for questions regarding ongoing care, med refills, or emergencies.<\/span><\/p>\n\n\t\t<\/div>\n\t<\/div><div class=\"vc_empty_space\"   style=\"height: 10px\"><span class=\"vc_empty_space_inner\"><\/span><\/div><\/div><\/div><\/div><div class=\"wpb_column vc_column_container vc_col-sm-4\"><div class=\"vc_column-inner\"><div class=\"wpb_wrapper\"><a href=\"https:\/\/mrprimarycare.com\/forms\/\" target=\"_self\" data-hover-background-color='#ffffff' data-hover-border-color='#586a98' data-hover-color='#b4d3b2' class=\"qbutton \" style=\"color: #586a98; border-color: #b4d3b2; font-size: 18px; border-radius: 7px;-moz-border-radius: 7px;-webkit-border-radius: 7px; background-color: #ffffff;\">Download Here<\/a><div class=\"vc_empty_space\"   style=\"height: 10px\"><span class=\"vc_empty_space_inner\"><\/span><\/div><\/div><\/div><\/div><\/div><\/div><\/div><\/div><\/div><\/div><\/div><\/div><div     class=\"vc_row wpb_row section vc_row-fluid \" style=' text-align:left;'><div class=\" full_section_inner clearfix\"><div class=\"wpb_column vc_column_container vc_col-sm-12\"><div class=\"vc_column-inner\"><div class=\"wpb_wrapper\"><div class=\"vc_empty_space\"   style=\"height: 30px\"><span class=\"vc_empty_space_inner\"><\/span><\/div><\/div><\/div><\/div><\/div><\/div><div     class=\"vc_row wpb_row section vc_row-fluid \" style=' text-align:left;'><div class=\" full_section_inner clearfix\"><div class=\"wpb_column vc_column_container vc_col-sm-12\"><div class=\"vc_column-inner\"><div class=\"wpb_wrapper\">\n\t<div class=\"wpb_text_column wpb_content_element \">\n\t\t<div class=\"wpb_wrapper\">\n\t\t\t<h2 style=\"text-align: center;\">Office Information<\/h2>\n\n\t\t<\/div>\n\t<\/div><\/div><\/div><\/div><\/div><\/div><div     class=\"vc_row wpb_row section vc_row-fluid  grid_section\" style=' text-align:left;'><div class=\" section_inner clearfix\"><div class='section_inner_margin clearfix'><div class=\"wpb_column vc_column_container vc_col-sm-12\"><div class=\"vc_column-inner\"><div class=\"wpb_wrapper\"><div class=\"vc_empty_space\"   style=\"height: 30px\"><span class=\"vc_empty_space_inner\"><\/span><\/div><div class=\"separator  small center  \" style=\"border-color: #b4d3b2;border-width:3px;width:400px\"><\/div><div class=\"vc_empty_space\"   style=\"height: 30px\"><span class=\"vc_empty_space_inner\"><\/span><\/div><\/div><\/div><\/div><\/div><\/div><\/div><div     class=\"vc_row wpb_row section vc_row-fluid  grid_section\" style=' text-align:left;'><div class=\" section_inner clearfix\"><div class='section_inner_margin clearfix'><div class=\"wpb_column vc_column_container vc_col-sm-4\"><div class=\"vc_column-inner\"><div class=\"wpb_wrapper\">\n\t<div class=\"wpb_text_column wpb_content_element \">\n\t\t<div class=\"wpb_wrapper\">\n\t\t\t<h3 style=\"text-align: center;\">Office Locations:<\/h3>\n\n\t\t<\/div>\n\t<\/div><div class=\"vc_empty_space\"   style=\"height: 10px\"><span class=\"vc_empty_space_inner\"><\/span><\/div>\n\t<div class=\"wpb_text_column wpb_content_element \">\n\t\t<div class=\"wpb_wrapper\">\n\t\t\t<p style=\"text-align: center;\">8579 Commerce Drive<br \/>\nSuite 104<br \/>\nEaston, MD 21601<\/p>\n\n\t\t<\/div>\n\t<\/div><div class=\"separator  small center  \" style=\"border-color: #b4d3b2;border-width:3px;width:20px\"><\/div>\n\t<div class=\"wpb_text_column wpb_content_element  vc_custom_1712257246809\">\n\t\t<div class=\"wpb_wrapper\">\n\t\t\t<p style=\"text-align: center;\">618 Sunburst Hwy<br \/>\nCambridge, MD 21613<\/p>\n\n\t\t<\/div>\n\t<\/div><div class=\"vc_empty_space\"   style=\"height: 20px\"><span class=\"vc_empty_space_inner\"><\/span><\/div><\/div><\/div><\/div><div class=\"wpb_column vc_column_container vc_col-sm-4\"><div class=\"vc_column-inner\"><div class=\"wpb_wrapper\">\n\t<div class=\"wpb_text_column wpb_content_element \">\n\t\t<div class=\"wpb_wrapper\">\n\t\t\t<h3 style=\"text-align: center;\">Contact Numbers:<\/h3>\n\n\t\t<\/div>\n\t<\/div><div class=\"vc_empty_space\"   style=\"height: 10px\"><span class=\"vc_empty_space_inner\"><\/span><\/div>\n\t<div class=\"wpb_text_column wpb_content_element \">\n\t\t<div class=\"wpb_wrapper\">\n\t\t\t<p style=\"text-align: center;\">Tel: 410-822-9133<br \/>\nFax: 410-822-9513<\/p>\n<p>&nbsp;<\/p>\n<p style=\"text-align: center;\">After Hours: 410-424-5856<br \/>\n*For urgent needs only*<\/p>\n\n\t\t<\/div>\n\t<\/div><div class=\"vc_empty_space\"   style=\"height: 20px\"><span class=\"vc_empty_space_inner\"><\/span><\/div><\/div><\/div><\/div><div class=\"wpb_column vc_column_container vc_col-sm-4\"><div class=\"vc_column-inner\"><div class=\"wpb_wrapper\">\n\t<div class=\"wpb_text_column wpb_content_element \">\n\t\t<div class=\"wpb_wrapper\">\n\t\t\t<h3 style=\"text-align: center;\">Office Hours:<\/h3>\n\n\t\t<\/div>\n\t<\/div><div class=\"vc_empty_space\"   style=\"height: 10px\"><span class=\"vc_empty_space_inner\"><\/span><\/div>\n\t<div class=\"wpb_text_column wpb_content_element \">\n\t\t<div class=\"wpb_wrapper\">\n\t\t\t<p style=\"text-align: center;\">Monday 8:30am &#8211; 5pm<br \/>\nTuesday 8:30 &#8211; 5pm<br \/>\nWednesday 8:30 &#8211; 5pm<br \/>\nThursday 8:30 &#8211; 5pm<br \/>\nFriday 8:30 &#8211; 4pm<\/p>\n\n\t\t<\/div>\n\t<\/div><div class=\"vc_empty_space\"   style=\"height: 20px\"><span class=\"vc_empty_space_inner\"><\/span><\/div><\/div><\/div><\/div><\/div><\/div><\/div><div     class=\"vc_row wpb_row section vc_row-fluid \" style=' text-align:left;'><div class=\" full_section_inner clearfix\"><div class=\"wpb_column vc_column_container vc_col-sm-12\"><div class=\"vc_column-inner\"><div class=\"wpb_wrapper\"><div class=\"vc_empty_space\"   style=\"height: 20px\"><span class=\"vc_empty_space_inner\"><\/span><\/div><\/div><\/div><\/div><\/div><\/div><div     class=\"vc_row wpb_row section vc_row-fluid \" style=' text-align:left;'><div class=\" full_section_inner clearfix\"><div class=\"wpb_column vc_column_container vc_col-sm-6\"><div class=\"vc_column-inner\"><div class=\"wpb_wrapper\"><div class=\"wpb_gmaps_widget wpb_content_element\"><div class=\"wpb_wrapper\"><div class=\"wpb_map_wraper\"><iframe loading=\"lazy\" width=\"100%\" height=\"250\" frameborder=\"0\" scrolling=\"no\" marginheight=\"0\" marginwidth=\"0\" src=\"https:\/\/www.google.com\/maps\/embed?pb=!1m18!1m12!1m3!1d3110.1052969682883!2d-76.0822929!3d38.784220399999995!2m3!1f0!2f0!3f0!3m2!1i1024!2i768!4f13.1!3m3!1m2!1s0x89b84079d16ed961%3A0xf76233b46b5c0f48!2s8579%20Commerce%20Dr%2C%20Easton%2C%20MD%2021601!5e0!3m2!1sen!2sus!4v1675272740331!5m2!1sen!2sus%20width=600%20height=250%20style=border:0;%20allowfullscreen=%20loading=lazy%20referrerpolicy=no-referrer-when-downgrade\/iframe&amp;t=m&amp;z=14&amp;output=embed\"><\/iframe><\/div><\/div><\/div><\/div><\/div><\/div><div class=\"wpb_column vc_column_container vc_col-sm-6\"><div class=\"vc_column-inner\"><div class=\"wpb_wrapper\"><div class=\"wpb_gmaps_widget wpb_content_element\"><div class=\"wpb_wrapper\"><div class=\"wpb_map_wraper\"><iframe src=\"https:\/\/www.google.com\/maps\/embed?pb=!1m18!1m12!1m3!1d3119.768630798906!2d-76.0657231!3d38.56214419999999!2m3!1f0!2f0!3f0!3m2!1i1024!2i768!4f13.1!3m3!1m2!1s0x89b84a1ed56d4419%3A0xf516c8c2f058ea19!2s618%20Sunburst%20Hwy%2C%20Cambridge%2C%20MD%2021613!5e0!3m2!1sen!2sus!4v1712257142703!5m2!1sen!2sus\" width=\"600\" height=\"250\" style=\"border:0;\" allowfullscreen=\"\" loading=\"lazy\" referrerpolicy=\"no-referrer-when-downgrade\"><\/iframe><\/div><\/div><\/div><\/div><\/div><\/div><\/div><\/div>\n<\/div>","protected":false},"excerpt":{"rendered":"Estamos aceptando nuevos pacientes. Complete nuestro paquete para nuevos pacientes y env\u00edelo por correo postal, fax, correo electr\u00f3nico a info@mrprimarycare.com o tr\u00e1igalo. *Esta direcci\u00f3n de correo electr\u00f3nico no se monitorea para preguntas relacionadas con atenci\u00f3n continua, reabastecimiento de medicamentos o emergencias. Descargue aqu\u00ed la informaci\u00f3n de la oficina...","protected":false},"author":2,"featured_media":148,"parent":0,"menu_order":0,"comment_status":"closed","ping_status":"closed","template":"full_width.php","meta":{"footnotes":""},"class_list":["post-20","page","type-page","status-publish","has-post-thumbnail","hentry"],"yoast_head":"<!-- This site is optimized with the Yoast SEO plugin v27.3 - https:\/\/yoast.com\/product\/yoast-seo-wordpress\/ -->\n<title>Contact &#8226; Miles River Primary Care<\/title>\n<meta name=\"description\" content=\"See our contact information, office address, and current office hours here.\" \/>\n<meta name=\"robots\" content=\"index, follow, max-snippet:-1, max-image-preview:large, max-video-preview:-1\" \/>\n<link rel=\"canonical\" href=\"https:\/\/mrprimarycare.com\/es\/contact\/\" \/>\n<meta property=\"og:locale\" content=\"es_ES\" \/>\n<meta property=\"og:type\" content=\"article\" \/>\n<meta property=\"og:title\" content=\"Contact &#8226; Miles River Primary Care\" \/>\n<meta property=\"og:description\" content=\"See our contact information, office address, and current office hours here.\" \/>\n<meta property=\"og:url\" content=\"https:\/\/mrprimarycare.com\/es\/contact\/\" \/>\n<meta property=\"og:site_name\" content=\"Miles River Primary Care\" \/>\n<meta property=\"article:publisher\" content=\"https:\/\/www.facebook.com\/MRDocsEaston\" \/>\n<meta property=\"article:modified_time\" content=\"2024-04-04T19:38:54+00:00\" \/>\n<meta property=\"og:image\" content=\"https:\/\/mrprimarycare.com\/wp-content\/uploads\/2023\/02\/Miles-River-Primary-Care-2.png\" \/>\n\t<meta property=\"og:image:width\" content=\"660\" \/>\n\t<meta property=\"og:image:height\" content=\"400\" \/>\n\t<meta property=\"og:image:type\" content=\"image\/png\" \/>\n<meta name=\"twitter:card\" content=\"summary_large_image\" \/>\n<meta name=\"twitter:label1\" content=\"Tiempo de lectura\" \/>\n\t<meta name=\"twitter:data1\" content=\"2 minutos\" \/>\n<script type=\"application\/ld+json\" class=\"yoast-schema-graph\">{\"@context\":\"https:\\\/\\\/schema.org\",\"@graph\":[{\"@type\":\"WebPage\",\"@id\":\"https:\\\/\\\/mrprimarycare.com\\\/contact\\\/\",\"url\":\"https:\\\/\\\/mrprimarycare.com\\\/contact\\\/\",\"name\":\"Contact &#8226; Miles River Primary Care\",\"isPartOf\":{\"@id\":\"https:\\\/\\\/mrprimarycare.com\\\/#website\"},\"primaryImageOfPage\":{\"@id\":\"https:\\\/\\\/mrprimarycare.com\\\/contact\\\/#primaryimage\"},\"image\":{\"@id\":\"https:\\\/\\\/mrprimarycare.com\\\/contact\\\/#primaryimage\"},\"thumbnailUrl\":\"https:\\\/\\\/mrprimarycare.com\\\/wp-content\\\/uploads\\\/2023\\\/02\\\/Miles-River-Primary-Care-2.png\",\"datePublished\":\"2023-02-01T16:13:31+00:00\",\"dateModified\":\"2024-04-04T19:38:54+00:00\",\"description\":\"See our contact information, office address, and current office hours here.\",\"breadcrumb\":{\"@id\":\"https:\\\/\\\/mrprimarycare.com\\\/contact\\\/#breadcrumb\"},\"inLanguage\":\"es\",\"potentialAction\":[{\"@type\":\"ReadAction\",\"target\":[\"https:\\\/\\\/mrprimarycare.com\\\/contact\\\/\"]}]},{\"@type\":\"ImageObject\",\"inLanguage\":\"es\",\"@id\":\"https:\\\/\\\/mrprimarycare.com\\\/contact\\\/#primaryimage\",\"url\":\"https:\\\/\\\/mrprimarycare.com\\\/wp-content\\\/uploads\\\/2023\\\/02\\\/Miles-River-Primary-Care-2.png\",\"contentUrl\":\"https:\\\/\\\/mrprimarycare.com\\\/wp-content\\\/uploads\\\/2023\\\/02\\\/Miles-River-Primary-Care-2.png\",\"width\":660,\"height\":400},{\"@type\":\"BreadcrumbList\",\"@id\":\"https:\\\/\\\/mrprimarycare.com\\\/contact\\\/#breadcrumb\",\"itemListElement\":[{\"@type\":\"ListItem\",\"position\":1,\"name\":\"Home\",\"item\":\"https:\\\/\\\/mrprimarycare.com\\\/\"},{\"@type\":\"ListItem\",\"position\":2,\"name\":\"Contact\"}]},{\"@type\":\"WebSite\",\"@id\":\"https:\\\/\\\/mrprimarycare.com\\\/#website\",\"url\":\"https:\\\/\\\/mrprimarycare.com\\\/\",\"name\":\"Miles River Primary Care\",\"description\":\"Miles River Primary Care\",\"publisher\":{\"@id\":\"https:\\\/\\\/mrprimarycare.com\\\/#organization\"},\"potentialAction\":[{\"@type\":\"SearchAction\",\"target\":{\"@type\":\"EntryPoint\",\"urlTemplate\":\"https:\\\/\\\/mrprimarycare.com\\\/?s={search_term_string}\"},\"query-input\":{\"@type\":\"PropertyValueSpecification\",\"valueRequired\":true,\"valueName\":\"search_term_string\"}}],\"inLanguage\":\"es\"},{\"@type\":\"Organization\",\"@id\":\"https:\\\/\\\/mrprimarycare.com\\\/#organization\",\"name\":\"Miles River Primary Care\",\"url\":\"https:\\\/\\\/mrprimarycare.com\\\/\",\"logo\":{\"@type\":\"ImageObject\",\"inLanguage\":\"es\",\"@id\":\"https:\\\/\\\/mrprimarycare.com\\\/#\\\/schema\\\/logo\\\/image\\\/\",\"url\":\"https:\\\/\\\/mrprimarycare.com\\\/wp-content\\\/uploads\\\/2023\\\/02\\\/Miles-River-Primary-Care.png\",\"contentUrl\":\"https:\\\/\\\/mrprimarycare.com\\\/wp-content\\\/uploads\\\/2023\\\/02\\\/Miles-River-Primary-Care.png\",\"width\":425,\"height\":239,\"caption\":\"Miles River Primary Care\"},\"image\":{\"@id\":\"https:\\\/\\\/mrprimarycare.com\\\/#\\\/schema\\\/logo\\\/image\\\/\"},\"sameAs\":[\"https:\\\/\\\/www.facebook.com\\\/MRDocsEaston\"]}]}<\/script>\n<!-- \/ Yoast SEO plugin. -->","yoast_head_json":{"title":"Contact &#8226; Miles River Primary Care","description":"See our contact information, office address, and current office hours here.","robots":{"index":"index","follow":"follow","max-snippet":"max-snippet:-1","max-image-preview":"max-image-preview:large","max-video-preview":"max-video-preview:-1"},"canonical":"https:\/\/mrprimarycare.com\/es\/contact\/","og_locale":"es_ES","og_type":"article","og_title":"Contact &#8226; Miles River Primary Care","og_description":"See our contact information, office address, and current office hours here.","og_url":"https:\/\/mrprimarycare.com\/es\/contact\/","og_site_name":"Miles River Primary Care","article_publisher":"https:\/\/www.facebook.com\/MRDocsEaston","article_modified_time":"2024-04-04T19:38:54+00:00","og_image":[{"width":660,"height":400,"url":"https:\/\/mrprimarycare.com\/wp-content\/uploads\/2023\/02\/Miles-River-Primary-Care-2.png","type":"image\/png"}],"twitter_card":"summary_large_image","twitter_misc":{"Tiempo de lectura":"2 minutos"},"schema":{"@context":"https:\/\/schema.org","@graph":[{"@type":"WebPage","@id":"https:\/\/mrprimarycare.com\/contact\/","url":"https:\/\/mrprimarycare.com\/contact\/","name":"Contact &#8226; Miles River Primary Care","isPartOf":{"@id":"https:\/\/mrprimarycare.com\/#website"},"primaryImageOfPage":{"@id":"https:\/\/mrprimarycare.com\/contact\/#primaryimage"},"image":{"@id":"https:\/\/mrprimarycare.com\/contact\/#primaryimage"},"thumbnailUrl":"https:\/\/mrprimarycare.com\/wp-content\/uploads\/2023\/02\/Miles-River-Primary-Care-2.png","datePublished":"2023-02-01T16:13:31+00:00","dateModified":"2024-04-04T19:38:54+00:00","description":"See our contact information, office address, and current office hours here.","breadcrumb":{"@id":"https:\/\/mrprimarycare.com\/contact\/#breadcrumb"},"inLanguage":"es","potentialAction":[{"@type":"ReadAction","target":["https:\/\/mrprimarycare.com\/contact\/"]}]},{"@type":"ImageObject","inLanguage":"es","@id":"https:\/\/mrprimarycare.com\/contact\/#primaryimage","url":"https:\/\/mrprimarycare.com\/wp-content\/uploads\/2023\/02\/Miles-River-Primary-Care-2.png","contentUrl":"https:\/\/mrprimarycare.com\/wp-content\/uploads\/2023\/02\/Miles-River-Primary-Care-2.png","width":660,"height":400},{"@type":"BreadcrumbList","@id":"https:\/\/mrprimarycare.com\/contact\/#breadcrumb","itemListElement":[{"@type":"ListItem","position":1,"name":"Home","item":"https:\/\/mrprimarycare.com\/"},{"@type":"ListItem","position":2,"name":"Contact"}]},{"@type":"WebSite","@id":"https:\/\/mrprimarycare.com\/#website","url":"https:\/\/mrprimarycare.com\/","name":"Atenci\u00f3n primaria del r\u00edo Miles","description":"Atenci\u00f3n primaria del r\u00edo Miles","publisher":{"@id":"https:\/\/mrprimarycare.com\/#organization"},"potentialAction":[{"@type":"SearchAction","target":{"@type":"EntryPoint","urlTemplate":"https:\/\/mrprimarycare.com\/?s={search_term_string}"},"query-input":{"@type":"PropertyValueSpecification","valueRequired":true,"valueName":"search_term_string"}}],"inLanguage":"es"},{"@type":"Organization","@id":"https:\/\/mrprimarycare.com\/#organization","name":"Atenci\u00f3n primaria del r\u00edo Miles","url":"https:\/\/mrprimarycare.com\/","logo":{"@type":"ImageObject","inLanguage":"es","@id":"https:\/\/mrprimarycare.com\/#\/schema\/logo\/image\/","url":"https:\/\/mrprimarycare.com\/wp-content\/uploads\/2023\/02\/Miles-River-Primary-Care.png","contentUrl":"https:\/\/mrprimarycare.com\/wp-content\/uploads\/2023\/02\/Miles-River-Primary-Care.png","width":425,"height":239,"caption":"Miles River Primary Care"},"image":{"@id":"https:\/\/mrprimarycare.com\/#\/schema\/logo\/image\/"},"sameAs":["https:\/\/www.facebook.com\/MRDocsEaston"]}]}},"_links":{"self":[{"href":"https:\/\/mrprimarycare.com\/es\/wp-json\/wp\/v2\/pages\/20","targetHints":{"allow":["GET"]}}],"collection":[{"href":"https:\/\/mrprimarycare.com\/es\/wp-json\/wp\/v2\/pages"}],"about":[{"href":"https:\/\/mrprimarycare.com\/es\/wp-json\/wp\/v2\/types\/page"}],"author":[{"embeddable":true,"href":"https:\/\/mrprimarycare.com\/es\/wp-json\/wp\/v2\/users\/2"}],"replies":[{"embeddable":true,"href":"https:\/\/mrprimarycare.com\/es\/wp-json\/wp\/v2\/comments?post=20"}],"version-history":[{"count":16,"href":"https:\/\/mrprimarycare.com\/es\/wp-json\/wp\/v2\/pages\/20\/revisions"}],"predecessor-version":[{"id":239,"href":"https:\/\/mrprimarycare.com\/es\/wp-json\/wp\/v2\/pages\/20\/revisions\/239"}],"wp:featuredmedia":[{"embeddable":true,"href":"https:\/\/mrprimarycare.com\/es\/wp-json\/wp\/v2\/media\/148"}],"wp:attachment":[{"href":"https:\/\/mrprimarycare.com\/es\/wp-json\/wp\/v2\/media?parent=20"}],"curies":[{"name":"wp","href":"https:\/\/api.w.org\/{rel}","templated":true}]}}